{"id":744,"date":"2022-02-21T14:59:16","date_gmt":"2022-02-21T14:59:16","guid":{"rendered":"https:\/\/kulturimpuls.org\/?page_id=744"},"modified":"2022-11-17T13:21:05","modified_gmt":"2022-11-17T13:21:05","slug":"ueber-uns","status":"publish","type":"page","link":"https:\/\/kulturimpuls.org\/?page_id=744","title":{"rendered":"\u00dcber uns"},"content":{"rendered":"\n<div class=\"wp-block-group\"><div class=\"wp-block-group__inner-container is-layout-flow wp-block-group-is-layout-flow\">\n<p class=\"has-small-font-size\">Die \u00abStiftung Kulturimpuls\u00bb wurde von G\u00f6tz Deimann (1926-2011)* im Stifterverband f\u00fcr die Deutsche Wissenschaft im Jahr 2000 errichtet.<\/p>\n\n\n\n<p class=\"has-small-font-size\">Vorl\u00e4ufer war eine von ihm in den 1980er Jahren errichtete Stiftung zur F\u00f6rderung der Kulturwissenschaften, aus der in Kooperation mit Christoph Lindenberg (1930-1999), Karl-Martin Dietz (*1945), Michael Blanc (*1952) und Bodo von Plato (*1958) Aufgaben, Satzung und Name der \u00abStiftung Kulturimpuls\u00bb hervorgingen.<\/p>\n\n\n\n<p class=\"has-small-font-size\">Die Stiftung ist in ein lebendiges Netzwerk unterschiedlicher Initiativen, Einrichtungen und Einzelpersonen eingebunden. Die Leitung und rechtliche Vertretung liegen beim Vorstand der Stiftung, er ber\u00e4t und entscheidet \u00fcber die aktuellen Vorhaben im Sinne der Stiftungssatzung.<\/p>\n\n\n\n<div style=\"height:40px\" aria-hidden=\"true\" class=\"wp-block-spacer\"><\/div>\n<\/div><\/div>\n\n\n\n<div class=\"wp-block-group alignfull has-background\" style=\"background-color:#f1f1f1\"><div class=\"wp-block-group__inner-container is-layout-flow wp-block-group-is-layout-flow\">\n<div style=\"height:40px\" aria-hidden=\"true\" class=\"wp-block-spacer\"><\/div>\n\n\n\n<div class=\"wp-block-columns alignwide are-vertically-aligned-center is-layout-flex wp-container-core-columns-is-layout-9d6595d7 wp-block-columns-is-layout-flex\">\n<div class=\"wp-block-column is-layout-flow wp-block-column-is-layout-flow\" style=\"flex-basis:50%\">\n<p class=\"has-text-color has-normal-font-size\" style=\"color:#000000;font-style:normal;font-weight:500;line-height:1.1\">Vorstand<\/p>\n<\/div>\n\n\n\n<div class=\"wp-block-column is-layout-flow wp-block-column-is-layout-flow\" style=\"flex-basis:50%\"><\/div>\n<\/div>\n\n\n\n<div style=\"height:10px\" aria-hidden=\"true\" class=\"wp-block-spacer\"><\/div>\n\n\n\n<div class=\"wp-block-columns alignwide is-layout-flex wp-container-core-columns-is-layout-9d6595d7 wp-block-columns-is-layout-flex\">\n<div class=\"wp-block-column is-layout-flow wp-block-column-is-layout-flow\">\n<p class=\"has-extra-small-font-size\">Mi\u00adcha\u00adel Blanc<br>Wirt\u00adschafts\u00adpr\u00fc\u00adfer und Steu\u00ader\u00adbe\u00adra\u00adter,<br>Mann\u00adheim<br>mi\u00adcha\u00adel.blanc@web.de<\/p>\n<\/div>\n\n\n\n<div class=\"wp-block-column is-layout-flow wp-block-column-is-layout-flow\">\n<p class=\"has-text-color has-extra-small-font-size\" style=\"color:#000000\">Bodo von Pla\u00adto<br>Kul\u00adtur\u00adwis\u00adsen\u00adschaft\u00adler, Ber\u00adlin<br>pla\u00adto@kul\u00adtur\u00adim\u00adpuls.org<\/p>\n<\/div>\n\n\n\n<div class=\"wp-block-column is-layout-flow wp-block-column-is-layout-flow\">\n<p class=\"has-text-color has-extra-small-font-size\" style=\"color:#000000\">Ul\u00adri\u00adke Jo\u00adhan\u00adning-De Ab\u00adrew<br>Deut\u00adsches Stif\u00adtungs\u00adzen\u00adtrum, Es\u00adsen<br>ul\u00adri\u00adke.jo\u00adhan\u00adning@stif\u00adter\u00adver\u00adband.de<\/p>\n<\/div>\n<\/div>\n\n\n\n<div style=\"height:40px\" aria-hidden=\"true\" class=\"wp-block-spacer\"><\/div>\n<\/div><\/div>\n\n\n\n<div class=\"wp-block-group alignfull has-background\" style=\"background-color:#f1f1f1\"><div class=\"wp-block-group__inner-container is-layout-flow wp-block-group-is-layout-flow\">\n<div style=\"height:40px\" aria-hidden=\"true\" class=\"wp-block-spacer\"><\/div>\n\n\n\n<hr class=\"wp-block-separator has-text-color has-css-opacity has-background is-style-wide\" style=\"background-color:#000000;color:#000000\"\/>\n\n\n\n<figure class=\"wp-block-image size-full is-resized\"><img loading=\"lazy\" decoding=\"async\" src=\"https:\/\/kulturimpuls.org\/wordpress\/wp-content\/uploads\/2022\/11\/2022-05-Photo-Deimann_Goetz002-FKI-prv-1-732x1024-1.jpeg\" alt=\"\" class=\"wp-image-1338\" width=\"366\" height=\"512\" srcset=\"https:\/\/kulturimpuls.org\/wordpress\/wp-content\/uploads\/2022\/11\/2022-05-Photo-Deimann_Goetz002-FKI-prv-1-732x1024-1.jpeg 732w, https:\/\/kulturimpuls.org\/wordpress\/wp-content\/uploads\/2022\/11\/2022-05-Photo-Deimann_Goetz002-FKI-prv-1-732x1024-1-214x300.jpeg 214w\" sizes=\"auto, (max-width: 366px) 100vw, 366px\" \/><\/figure>\n\n\n\n<div style=\"height:10px\" aria-hidden=\"true\" class=\"wp-block-spacer\"><\/div>\n\n\n\n<p class=\"has-text-align-center has-extra-small-font-size\">* G\u00f6tz Deimann<br>(22. November 1926 \u2013 7. Juni 2011)<\/p>\n\n\n\n<div style=\"height:20px\" aria-hidden=\"true\" class=\"wp-block-spacer\"><\/div>\n\n\n<div class=\"wp-block-image\">\n<figure class=\"aligncenter size-medium\"><img decoding=\"async\" src=\"https:\/\/kulturimpuls.org\/wordpress\/wp-content\/uploads\/2022\/05\/2022-05-Photo-Deimann_G\u00f6tz002-FKI-prv-1-215x300.jpg\" alt=\"\" class=\"wp-image-1285\"\/><\/figure>\n<\/div>\n\n\n<div style=\"height:20px\" aria-hidden=\"true\" class=\"wp-block-spacer\"><\/div>\n\n\n\n<p class=\"has-extra-small-font-size\">G\u00f6tz Deimann hatte Ma\u00dfst\u00e4be. Er wurde Vielen zum Ma\u00dfstab, w\u00e4hrend mancher Jahre seines Lebens f\u00fcr viele tausend Menschen. Er lebte nicht nur sein pers\u00f6nliches Leben. Er lebte symptomatisch als Mensch der zweiten H\u00e4lfte des zwanzigsten Jahrhunderts.<\/p>\n\n\n\n<p class=\"has-extra-small-font-size\">Drei Phasen zeichneten dieses Leben.<\/p>\n\n\n\n<p class=\"has-extra-small-font-size\">Von Mitte der 1920er bis Mitte der 1950er Jahre: Kindheit, Jugend und erste Erwachsenenzeit, Zimmermanns-Lehre, Betriebswirtschafts-Studium, Familiengr\u00fcndung, Berufseinstieg in der Bauwirtschaft \u2013 in dieser ersten Phase steht die Erfahrung des Totalitarismus und des Krieges im Mittelpunkt. Und mit dem Krieg die des Todes, der ihn sein ganzes weiteres Leben besch\u00e4ftige; er lernt ihn achten und sp\u00e4ter befragen.<\/p>\n\n\n\n<p class=\"has-extra-small-font-size\">Von Mitte der 1950er bis Ende der 1980er Jahre: Er lebt und arbeitet im Zentrum des deutschen Wirtschaftswunders, das bald durch den vollst\u00e4ndigen Umbau der Wirtschafts-Welt in die Globalisierung \u00fcbergeht. Seine Aufgaben als Vorstandsmitglied der Bilfinger + Berger Bauaktiengesellschaft liegen am Steuer eines immer gr\u00f6\u00dfer werdenden Systems \u2013 Organisation, Konzeption, Fusionen und Vorbereitung einer Zukunft, die andere leben und lenken werden. Im Mittelpunkt die Verantwortung f\u00fcr Tausende und ihre t\u00e4gliche Arbeit.<\/p>\n\n\n\n<p class=\"has-extra-small-font-size\">Von Ende der 1980er Jahre bis 2011: Die dritte gro\u00dfe Etappe seines Lebens war bestimmt von dem Versuch, fragen zu lernen und tiefer zu verstehen. In dem Versuch zu verstehen war er unabl\u00e4ssig, ja ungem\u00fctlich. Er lie\u00df Fragen nicht los. Oder lie\u00dfen sie ihn nicht los? Das Fragen, so Heidegger, sei die Fr\u00f6mmigkeit des Denkens, sie entspringe aus der Beunruhigung des eigenen Daseins. Das Fragen wurde zum Mittelpunkt seiner dritten Lebensphase.<\/p>\n\n\n\n<p class=\"has-extra-small-font-size\">G\u00f6tz Deimann war in diesem Sinne fromm und beunruhigt. Seine Fragen richteten sich immer an die Wirklichkeit, die sichtbare und die unsichtbare. Ihr Dasein war es, das ihn beunruhigte. Er ahnte schon fr\u00fch und es wurde ihm immer klarer, dass diese Wirklichkeit nicht einfach da ist, dass sie nicht einfach gegeben ist, sondern dass jeder Mensch mehr oder weniger an ihrem Werden teilhat. Ihm wurde klar, dass Wirklichkeit in Entwicklung ist und zunehmend die Signatur des bewussten, sch\u00f6pferischen Menschen tr\u00e4gt. Die Kultur dieser Bewusstseins- und Entwicklungsfrage &#8211; einer im besten Sinne anthroposophischen Erfahrung &#8211; machte er zum Aufgabenfeld eines wachsenden Menschenkreises.<\/p>\n\n\n\n<p class=\"has-extra-small-font-size\">Dieser Aufgabe ist die \u00abStiftung Kulturimpuls\u00bb gewidmet. <\/p>\n\n\n\n<p style=\"font-size:13px;font-style:normal;font-weight:100\">Bodo von Plato, Auszug aus der Ansprache anl\u00e4sslich der Beisetzung von G\u00f6tz Deimann, Riehen bei Basel, 14. Juni 2011<\/p>\n\n\n\n<div style=\"height:40px\" aria-hidden=\"true\" class=\"wp-block-spacer\"><\/div>\n<\/div><\/div>\n\n\n\n<p><\/p>\n","protected":false},"excerpt":{"rendered":"<p>Die \u00abStiftung Kulturimpuls\u00bb wurde von G\u00f6tz Deimann (1926-2011)* im Stifterverband f\u00fcr die Deutsche Wissenschaft im Jahr 2000 errichtet. Vorl\u00e4ufer war eine von ihm in den 1980er Jahren errichtete Stiftung zur F\u00f6rderung der Kulturwissenschaften, aus der in Kooperation mit Christoph Lindenberg (1930-1999), Karl-Martin Dietz (*1945), Michael Blanc (*1952) und Bodo von Plato (*1958) Aufgaben, Satzung und&hellip; <a class=\"more-link\" href=\"https:\/\/kulturimpuls.org\/?page_id=744\"><span class=\"screen-reader-text\">\u00dcber uns<\/span> weiterlesen<\/a><\/p>\n","protected":false},"author":2,"featured_media":0,"parent":0,"menu_order":0,"comment_status":"closed","ping_status":"closed","template":"","meta":{"footnotes":""},"class_list":["post-744","page","type-page","status-publish","hentry","entry"],"_links":{"self":[{"href":"https:\/\/kulturimpuls.org\/index.php?rest_route=\/wp\/v2\/pages\/744","targetHints":{"allow":["GET"]}}],"collection":[{"href":"https:\/\/kulturimpuls.org\/index.php?rest_route=\/wp\/v2\/pages"}],"about":[{"href":"https:\/\/kulturimpuls.org\/index.php?rest_route=\/wp\/v2\/types\/page"}],"author":[{"embeddable":true,"href":"https:\/\/kulturimpuls.org\/index.php?rest_route=\/wp\/v2\/users\/2"}],"replies":[{"embeddable":true,"href":"https:\/\/kulturimpuls.org\/index.php?rest_route=%2Fwp%2Fv2%2Fcomments&post=744"}],"version-history":[{"count":51,"href":"https:\/\/kulturimpuls.org\/index.php?rest_route=\/wp\/v2\/pages\/744\/revisions"}],"predecessor-version":[{"id":1340,"href":"https:\/\/kulturimpuls.org\/index.php?rest_route=\/wp\/v2\/pages\/744\/revisions\/1340"}],"wp:attachment":[{"href":"https:\/\/kulturimpuls.org\/index.php?rest_route=%2Fwp%2Fv2%2Fmedia&parent=744"}],"curies":[{"name":"wp","href":"https:\/\/api.w.org\/{rel}","templated":true}]}}