{"id":620,"date":"2020-07-03T13:14:45","date_gmt":"2020-07-03T13:14:45","guid":{"rendered":"http:\/\/www.kulturimpuls.org\/?page_id=620"},"modified":"2023-05-12T18:00:21","modified_gmt":"2023-05-12T18:00:21","slug":"forschung-2","status":"publish","type":"page","link":"https:\/\/kulturimpuls.org\/?page_id=620","title":{"rendered":"Aktuell"},"content":{"rendered":"\n<p class=\"has-small-font-size\">Gegenw\u00e4rtig konzentriert die \u00abStiftung Kulturimpuls\u00bb ihre F\u00f6rderung auf zwei Forschungs- und Aktionsprojekte: <\/p>\n\n\n\n<ul class=\"wp-block-list\">\n<li>Aspekte zum Bewusstseins- und Mentalit\u00e4tswandel im sp\u00e4ten 20. und fr\u00fchen 21. Jahrhundert, ihre lebensweltlichen Bedingungen und Konsequenzen (Berlin)<\/li>\n<\/ul>\n\n\n\n<ul class=\"wp-block-list\">\n<li>Elements of Public Digital Literacy (Basel)<br><br><\/li>\n\n\n\n<li>Gespr\u00e4che und Texte  \u00ab\/\/off topic\u00bb (ab Anfang 2023 \u00abPr\u00e4senz und Digitalmoderne\u00bb. Informationen und Link: <a href=\"https:\/\/padlet.com\/robinschmidt\/off-topic-hub-ex37wqf8lk9g3o5w\">hier<\/a>) <\/li>\n<\/ul>\n\n\n\n<div style=\"height:40px\" aria-hidden=\"true\" class=\"wp-block-spacer\"><\/div>\n\n\n\n<div class=\"wp-block-group alignfull has-background\" style=\"background-color:#f1f1f1\"><div class=\"wp-block-group__inner-container is-layout-flow wp-block-group-is-layout-flow\">\n<div class=\"wp-block-group alignfull has-background\" style=\"background-color:#f1f1f1\"><div class=\"wp-block-group__inner-container is-layout-flow wp-block-group-is-layout-flow\">\n<div class=\"wp-block-columns alignwide are-vertically-aligned-center is-layout-flex wp-container-core-columns-is-layout-9d6595d7 wp-block-columns-is-layout-flex\">\n<div class=\"wp-block-column has-black-color has-text-color is-layout-flow wp-block-column-is-layout-flow\" style=\"flex-basis:50%\">\n<div style=\"height:50px\" aria-hidden=\"true\" class=\"wp-block-spacer\"><\/div>\n\n\n\n<p class=\"has-normal-font-size\" style=\"font-style:normal;font-weight:500\">Aspekte des Bewusstseins- und Mentalit\u00e4tswandels im sp\u00e4ten 20. und fr\u00fchen 21. Jahrhundert, ihre lebensweltlichen Bedingungen und Konsequenzen<\/p>\n<\/div>\n\n\n\n<div class=\"wp-block-column has-black-color has-text-color is-layout-flow wp-block-column-is-layout-flow\" style=\"flex-basis:50%\">\n<hr class=\"wp-block-separator has-text-color has-css-opacity has-background is-style-wide\" style=\"background-color:#000000;color:#000000\"\/>\n<\/div>\n<\/div>\n\n\n\n<div style=\"height:21px\" aria-hidden=\"true\" class=\"wp-block-spacer\"><\/div>\n\n\n\n<p class=\"my-justify has-extra-small-font-size\" style=\"font-style:italic;font-weight:100\">\u00abZwischen der Erfahrung, in diesem Moment auf diesem Planeten zu leben, und den \u00f6ffentlichen Erz\u00e4hlungen, die diesem Leben Sinn geben sollen, klafft ein leerer Raum.  Der Abstand zwischen den gesprochenen Worten und dem, was sie bedeuten, ist riesig. In ihm wurzelt die Verzweiflung, nicht in den Verh\u00e4ltnissen.\u00bb <\/p>\n\n\n\n<p class=\"has-extra-small-font-size\">John Berger, Gegen die Abwertung der Welt, 2001<\/p>\n\n\n\n<div style=\"height:20px\" aria-hidden=\"true\" class=\"wp-block-spacer\"><\/div>\n\n\n\n<div class=\"wp-block-columns alignwide is-layout-flex wp-container-core-columns-is-layout-9d6595d7 wp-block-columns-is-layout-flex\">\n<div class=\"wp-block-column is-layout-flow wp-block-column-is-layout-flow\" style=\"padding-top:18px;padding-right:18px;padding-bottom:18px;padding-left:18px\">\n<p class=\"my-justify has-extra-small-font-size\">Das t\u00e4gliche Leben von heute \u2013 wie anders sieht es aus als noch vor ein, zwei oder f\u00fcnf Jahrzehnten!? Wenige Gegenden in der Welt nur wird es geben, wo das nicht der Fall ist; wenige Menschen nur, f\u00fcr die es nicht gilt.<\/p>\n\n\n\n<div class=\"wp-block-columns is-layout-flex wp-container-core-columns-is-layout-9d6595d7 wp-block-columns-is-layout-flex\">\n<div class=\"wp-block-column is-layout-flow wp-block-column-is-layout-flow\" style=\"flex-basis:100%\">\n<div class=\"wp-block-group\"><div class=\"wp-block-group__inner-container is-layout-flow wp-block-group-is-layout-flow\">\n<p class=\"my-justify has-extra-small-font-size\">Der Zu- oder Eingriff durch den Menschen verwandelte schon immer die Welt. Seit einigen Jahrzehnten aber wird eine neue Dimension sichtbar. Die durch Menschen seit 1945 schlagartig m\u00f6gliche Zerst\u00f6rung des Planeten Erde (Atombombe) oder das Wissen um seine schleichende, sich unter Beibehaltung der gegenw\u00e4rtigen zivilisatorischen Lebensformen beschleunigende Destruktion (Klimawandel) machen sichtbar, dass der Mensch heute \u00fcber eine Macht verf\u00fcgt, die ihm vor Mitte des 20. Jahrhunderts nicht zukam. Diese Macht hat ihren Ursprung \u2013 das ist die Annahme dieses Forschungsvorhabens \u2013 im menschlichen Bewusstsein.<\/p>\n<\/div><\/div>\n<\/div>\n<\/div>\n\n\n\n<p class=\"my-justify has-extra-small-font-size\" id=\"my-justify\">Die heutige Welt ist menschengemacht und die Macht des Menschen ist sein Bewusstsein.<\/p>\n\n\n\n<p class=\"my-justify has-extra-small-font-size\">Ursprung, Funktionsweise und Bildung des Bewusstseins aber bleiben \u2013 trotz aller sich darauf richtenden Forschung, beeindruckender Entdeckungen und Entwicklungen \u2013 bis heute noch immer zu unbewusst, um gesellschaftlich relevante Konsequenzen aus dem entsprechenden Wissen zu ziehen (Nicolas Hulot, 2018).<\/p>\n\n\n\n<p class=\"my-justify has-extra-small-font-size\">Ein \u201eunbewusster Bewusstseinswandel\u201c, ein seit zehn oder zwanzig Jahren einsetzender Mentalit\u00e4tswandel scheint jetzt aber nachhaltiger als je vorher andere Lebensformen zu suchen; Lebens- und Bewusstseinsformen, die nicht feindlich aber verbindlich der Welt und den sie bewohnenden Wesen gegen\u00fcber treten, durch neue technische, \u00f6konomische und soziale Prozesse, durch andere oder neue menschlich, philosophisch oder spirituell motivierte Haltungen.<\/p>\n\n\n\n<p class=\"my-justify has-extra-small-font-size\">Es geht darum, einige \u201eAspekte\u201c (Beispiele) zu identifizieren und zu untersuchen, an denen der Bewusstseins- und Mentalit\u00e4tswandel sichtbar wird, der im sp\u00e4ten 20. und fr\u00fchen 21. Jahrhundert \u2013 so die Ausgangsthese \u2013 unsichtbar und unbewusst vorgeht.<\/p>\n<\/div>\n\n\n\n<div class=\"wp-block-column is-layout-flow wp-block-column-is-layout-flow\" style=\"padding-top:18px;padding-right:18px;padding-bottom:18px;padding-left:18px\">\n<p class=\"my-justify has-extra-small-font-size\">Bewusstsein und Bewusstseinswandel finden zun\u00e4chst immer in einzelnen Menschen statt; sie entstehen aus Resonanzen und rufen sie hervor (Hartmut Rosa, 2016\/2018). So entscheiden \u00fcber Zustandekommen, Zielsetzung und Durchf\u00fchrung der Forschungs- und Aktionsprojekte<\/p>\n\n\n\n<ul class=\"wp-block-list\">\n<li>die konkrete Beziehung zu bestimmten Fragen, Menschen oder Einrichtungen;<\/li>\n\n\n\n<li>die weitere Verst\u00e4ndigung \u00fcber m\u00f6gliche Kooperationsformen;<\/li>\n\n\n\n<li>die jeweilige intuitive, wissenschaftliche oder k\u00fcnstlerische, institutionelle und finanzielle Eigenst\u00e4ndigkeit und Verbindlichkeit der Beteiligten.<\/li>\n<\/ul>\n\n\n\n<p class=\"my-justify has-extra-small-font-size\">Allen Beteiligten gemeinsam ist ein aufmerksames Interesse f\u00fcr die r\u00e4tselhaften Ph\u00e4nomene <em>Bewusstsein<\/em><strong>, <\/strong><em>Entwicklung<\/em><strong> <\/strong>und<strong> <\/strong><em>Transformation<\/em> \u2013 und eine reflektierte Erfahrung im Umgang mit ihnen angesichts ihrer wachsenden Bedeutung f\u00fcr \u201eWahrheit und Politik\u201c (Hannah Arendt, 1964).<\/p>\n\n\n\n<p class=\"my-justify has-extra-small-font-size\" id=\"my-justify\">Erst die praktische Durchf\u00fchrung der Untersuchungen und Aktionen zu den einzelnen Aspekten und ihre kontinuierliche Verkn\u00fcpfung in Gespr\u00e4chen, Kolloquien oder Publikationen werden Verbindungen und Zusammenh\u00e4nge sichtbar machen, die unvorhersehbare, aber zu erwartende Erkenntnisfortschritte erm\u00f6glichen \u2013 mithin Beitr\u00e4ge zur Erweiterung individueller und gesellschaftlicher Handlungskompetenz in einer Zeit des Umbruchs.<\/p>\n\n\n\n<p class=\"my-justify has-extra-small-font-size\">Das Vorhaben versteht sich in diesem Sinne als performativ, es praktiziert in der Realisierung seines Anliegens selbst Aspekte des befragten Bewusstseins- und Mentalit\u00e4tswandels und reflektiert sie.<\/p>\n\n\n\n<p class=\"my-justify has-extra-small-font-size\">Aktuell sind 13 \u201eAspekte\u201c (Projekte) in der Konzeptions-, Planungs- oder Durchf\u00fchrungsphase.<\/p>\n\n\n\n<p class=\"has-extra-small-font-size\">Projektleitung: Bodo von Plato, Berlin<\/p>\n<\/div>\n<\/div>\n<\/div><\/div>\n<\/div><\/div>\n\n\n\n<div class=\"wp-block-group alignfull has-background\" style=\"background-color:#f1f1f1\"><div class=\"wp-block-group__inner-container is-layout-flow wp-block-group-is-layout-flow\">\n<div class=\"wp-block-group alignfull is-style-default has-background\" style=\"background-color:#f1f1f1\"><div class=\"wp-block-group__inner-container is-layout-flow wp-block-group-is-layout-flow\">\n<div class=\"wp-block-columns alignwide are-vertically-aligned-center is-layout-flex wp-container-core-columns-is-layout-9d6595d7 wp-block-columns-is-layout-flex\">\n<div class=\"wp-block-column is-layout-flow wp-block-column-is-layout-flow\" style=\"flex-basis:50%\">\n<p class=\"has-normal-font-size\" style=\"font-style:normal;font-weight:500\">Elements of Public Digital Literacy<\/p>\n<\/div>\n\n\n\n<div class=\"wp-block-column is-layout-flow wp-block-column-is-layout-flow\" style=\"flex-basis:50%\">\n<hr class=\"wp-block-separator has-text-color has-css-opacity has-background is-style-wide\" style=\"background-color:#000000;color:#000000\"\/>\n<\/div>\n<\/div>\n\n\n\n<div style=\"height:20px\" aria-hidden=\"true\" class=\"wp-block-spacer\"><\/div>\n\n\n\n<div class=\"wp-block-columns alignwide is-layout-flex wp-container-core-columns-is-layout-9d6595d7 wp-block-columns-is-layout-flex\">\n<div class=\"wp-block-column is-layout-flow wp-block-column-is-layout-flow\" style=\"padding-top:18px;padding-right:18px;padding-bottom:18px;padding-left:18px\">\n<p class=\"my-justify has-extra-small-font-size\">Digitale Technologien sind zur ubiquit\u00e4ren und immanenten Voraussetzung vieler Gesellschaften geworden und beginnen gegenw\u00e4rtig, sich der Sichtbarkeit zu entziehen (\u201epost-digitale Kondition\u201c). In Anlehnung an Public Health, Public History, Public Religion und anderen Public-Diskursen soll in diesem Projekt untersucht werden, wie ein gesellschaftliches Bewusstsein von diesen Ver\u00e4nderungen beschaffen ist und wie darin Handlungsf\u00e4higkeit entstehen kann: damit eine <em>Public Digital Literacy<\/em> m\u00f6glich wird, m\u00fcssen die gesellschaftlichen und individuellen Bedingungen zur \u00dcbernahme von Verantwortung f\u00fcr digitale Technologien genauer verstanden werden.<\/p>\n\n\n\n<p class=\"my-justify has-extra-small-font-size\">Dabei soll an den Diskurs um Bedingungen und Elemente von Digital Literacy angeschlossen werden und diese kompetenzorientierte Perspektive um soziologische und p\u00e4dagogische Ans\u00e4tze von Agency erweitert werden. Agency meint dabei eine Wirksamkeit, die sich in komplexen, wechselseitigen Verbindungen in kontingenten, netzwerkartigen Umgebungen einstellen kann. Eine auszuarbeitende Theorie einer digitalen Agency soll dabei erm\u00f6glichen zu verstehen, wie eine Umformung der Affordanzen digitaler Technologien und Infrastrukturen \u2013 die offensichtlichen, von der Technologie nahegelegten Weisen des Umgangs mit ihr und die Wirksamkeit ihrer Dispositive \u2013 zu individuell und gesellschaftlich gewollten und intendierten Formen von Agency m\u00f6glich ist. Die zentrale Frage und Aufgabe des Projekts \u201eElements of Public Digital Literacy\u201c ist somit, wie digitale Agency in post-digitalen Gesellschaften zustande kommt und wie sie f\u00fcr die \u00d6ffentlichkeit erschlossen werden kann.<\/p>\n\n\n\n<p class=\"my-justify has-extra-small-font-size\">Das Konzept soll in drei Feldern ausgearbeitet werden:<\/p>\n\n\n\n<p class=\"my-justify has-extra-small-font-size\"><strong>1.  Theorie<\/strong><br>Die Theorie und Praxis der F\u00f6rderung eines \u00f6ffentlichen Bewusstseins von den anthropologischen, gesellschaftlichen, politischen, \u00e4sthetischen usw. Konsequenzen des Digitalen Wandels sowie entsprechende Bedingungen der Beurteilung und aktiven Mitgestaltung des Digitalen Wandels sind in diesem Bereich der zentrale Gegenstand. Im Mittelpunkt steht das Verstehen und Gestalten eines gesellschaftlichen Diskurses, in dem Demokratie, Chancengerechtigkeit, Nachhaltigkeit, kulturelle Vielfalt und die Stimme des jeweils Andersdenkenden als Ausgangspunkt und Ziel einer Gesellschaft im Digitalen Wandel neu verortet werden.<\/p>\n<\/div>\n\n\n\n<div class=\"wp-block-column is-layout-flow wp-block-column-is-layout-flow\" style=\"padding-top:18px;padding-right:18px;padding-bottom:18px;padding-left:18px\">\n<p class=\"my-justify has-extra-small-font-size\">Dabei geht es um einen Beitrag zu den Grundlagen der menschlichen Identit\u00e4t und Politik: was ist der Mensch in einer post-digitalen Welt und wie wollen wir k\u00fcnftig zusammenleben?<\/p>\n\n\n\n<p class=\"my-justify has-extra-small-font-size\"><strong>2.  Schule und Hochschule<br><\/strong>Der aktuelle Stand der Forschung und die Erfahrung von Expert*innen soll in Fortbildungen, Interventionen, Lehrmitteln und Vortr\u00e4gen zur F\u00f6rderung eines \u00f6ffentlichen Bewusstseins der Konsequenzen des Digitalen Wandels im Hinblick auf spezifische lokale bzw. institutionelle Bed\u00fcrfnisse erschlossen werden. Im Zentrum stehen Konzepte f\u00fcr Schulen und P\u00e4dagogische Hochschulen. Dabei geht es um die Frage: Wie entsteht Digital Literacy und Agency von Lehrpersonen und Sch\u00fcler*innen in der Praxis?<\/p>\n\n\n\n<p class=\"my-justify has-extra-small-font-size\"><strong>3. \u00c4sthetik<br><\/strong>Die dritte Dimension des Projekts untersucht \u00e4sthetisch-performative Elemente dieses Ansatzes, indem das Offene der \u00e4sthetischen Erfahrung mit dem Versuch verbunden wird, durch geeignete Interventionsformen exemplarisch und mit k\u00fcnstlerischen Mitteln Public Digital Literacy zu bef\u00f6rdern. Durch die Zusammenarbeit mit K\u00fcnstler*innen oder durch die Konzeption und Durchf\u00fchrung einer Ausstellung werden Aktionsformen gesucht, die ausserhalb von Bildungseinrichtungen eine breitere \u00d6ffentlichkeit erreichen k\u00f6nnen. Dabei steht die Frage im Mittelpunkt: Wie vollzieht sich Wandel?<\/p>\n\n\n\n<p class=\"my-justify has-extra-small-font-size\">Die Bearbeitung dieser Felder kn\u00fcpft an zahlreiche Projekte der Forschungsstelle Kulturimpuls (1989 \u2013 2019) an, erweitert sie und gibt ihnen eine weitere Perspektive im Sinne gegenw\u00e4rtiger und zuk\u00fcnftiger Entwicklungsfragen f\u00fcr Individuum und Gesellschaft.<\/p>\n\n\n\n<p class=\"my-justify has-extra-small-font-size\">Die Ausarbeitung der Felder wird in Teilprojekten definiert und geplant.<\/p>\n\n\n\n<p class=\"my-justify has-extra-small-font-size\">Projektleitung: Robin Schmidt, Basel, <a href=\"http:\/\/www.linefeed.cc\/\">www.linefeed.cc<\/a><\/p>\n<\/div>\n<\/div>\n\n\n\n<div style=\"height:40px\" aria-hidden=\"true\" class=\"wp-block-spacer\"><\/div>\n<\/div><\/div>\n<\/div><\/div>\n","protected":false},"excerpt":{"rendered":"<p>Gegenw\u00e4rtig konzentriert die \u00abStiftung Kulturimpuls\u00bb ihre F\u00f6rderung auf zwei Forschungs- und Aktionsprojekte: Aspekte des Bewusstseins- und Mentalit\u00e4tswandels im sp\u00e4ten 20. und fr\u00fchen 21. Jahrhundert, ihre lebensweltlichen Bedingungen und Konsequenzen \u00abZwischen der Erfahrung, in diesem Moment auf diesem Planeten zu leben, und den \u00f6ffentlichen Erz\u00e4hlungen, die diesem Leben Sinn geben sollen, klafft ein leerer Raum. Der&hellip; <a class=\"more-link\" href=\"https:\/\/kulturimpuls.org\/?page_id=620\"><span class=\"screen-reader-text\">Aktuell<\/span> weiterlesen<\/a><\/p>\n","protected":false},"author":1,"featured_media":0,"parent":0,"menu_order":0,"comment_status":"closed","ping_status":"closed","template":"","meta":{"footnotes":""},"class_list":["post-620","page","type-page","status-publish","hentry","entry"],"_links":{"self":[{"href":"https:\/\/kulturimpuls.org\/index.php?rest_route=\/wp\/v2\/pages\/620","targetHints":{"allow":["GET"]}}],"collection":[{"href":"https:\/\/kulturimpuls.org\/index.php?rest_route=\/wp\/v2\/pages"}],"about":[{"href":"https:\/\/kulturimpuls.org\/index.php?rest_route=\/wp\/v2\/types\/page"}],"author":[{"embeddable":true,"href":"https:\/\/kulturimpuls.org\/index.php?rest_route=\/wp\/v2\/users\/1"}],"replies":[{"embeddable":true,"href":"https:\/\/kulturimpuls.org\/index.php?rest_route=%2Fwp%2Fv2%2Fcomments&post=620"}],"version-history":[{"count":66,"href":"https:\/\/kulturimpuls.org\/index.php?rest_route=\/wp\/v2\/pages\/620\/revisions"}],"predecessor-version":[{"id":1352,"href":"https:\/\/kulturimpuls.org\/index.php?rest_route=\/wp\/v2\/pages\/620\/revisions\/1352"}],"wp:attachment":[{"href":"https:\/\/kulturimpuls.org\/index.php?rest_route=%2Fwp%2Fv2%2Fmedia&parent=620"}],"curies":[{"name":"wp","href":"https:\/\/api.w.org\/{rel}","templated":true}]}}