{"id":397,"date":"2015-05-12T13:31:14","date_gmt":"2015-05-12T13:31:14","guid":{"rendered":"http:\/\/wp5.resop.ch\/?page_id=8"},"modified":"2023-05-12T17:14:24","modified_gmt":"2023-05-12T17:14:24","slug":"startseite","status":"publish","type":"page","link":"https:\/\/kulturimpuls.org\/","title":{"rendered":"Home"},"content":{"rendered":"\n<div style=\"height:50px\" aria-hidden=\"true\" class=\"wp-block-spacer\"><\/div>\n\n\n\n<p class=\"has-small-font-size\">Die \u00abStiftung Kulturimpuls\u00bb\u00a0ist der Forschung zu Entwicklungsfragen des Menschlichen im 20. und fr\u00fchen 21. Jahrhundert gewidmet.\u00a0<br>Sie f\u00f6rdert entsprechende Projekte, Aktionen und Publikationen, Kooperationen und Veranstaltungen. <\/p>\n\n\n\n<p class=\"has-small-font-size\">Die&nbsp;\u00abStiftung Kulturimpuls\u00bb&nbsp;ist eine gemeinn\u00fctzige, operative Stiftung im Stifterverband f\u00fcr die Deutsche Wissenschaft in Essen, ihr Sitz ist Mannheim.&nbsp;Sie unterh\u00e4lt gegenw\u00e4rtig Forschungsstandorte in Berlin und Basel.&nbsp;Die Stiftung handelt initiativ und nimmt keine Antr\u00e4ge entgegen.<\/p>\n\n\n\n<div class=\"wp-block-group\"><div class=\"wp-block-group__inner-container is-layout-flow wp-block-group-is-layout-flow\">\n<div style=\"height:50px\" aria-hidden=\"true\" class=\"wp-block-spacer\"><\/div>\n<\/div><\/div>\n\n\n\n<div class=\"wp-block-group alignfull has-background\" style=\"background-color:#f1f1f1\"><div class=\"wp-block-group__inner-container is-layout-flow wp-block-group-is-layout-flow\">\n<div style=\"height:70px\" aria-hidden=\"true\" class=\"wp-block-spacer\"><\/div>\n\n\n\n<div class=\"wp-block-columns alignwide are-vertically-aligned-center is-layout-flex wp-container-core-columns-is-layout-9d6595d7 wp-block-columns-is-layout-flex\">\n<div class=\"wp-block-column is-layout-flow wp-block-column-is-layout-flow\" style=\"flex-basis:50%\">\n<p class=\"has-text-color has-normal-font-size\" style=\"color:#000000;font-style:normal;font-weight:500;line-height:1.1\">Aufgaben und Schwerpunkte<\/p>\n<\/div>\n\n\n\n<div class=\"wp-block-column is-layout-flow wp-block-column-is-layout-flow\" style=\"flex-basis:50%\">\n<hr class=\"wp-block-separator has-text-color has-css-opacity has-background is-style-wide\" style=\"background-color:#000000;color:#000000\"\/>\n<\/div>\n<\/div>\n\n\n\n<div style=\"height:10px\" aria-hidden=\"true\" class=\"wp-block-spacer\"><\/div>\n\n\n\n<div class=\"wp-block-columns alignwide is-layout-flex wp-container-core-columns-is-layout-9d6595d7 wp-block-columns-is-layout-flex\">\n<div class=\"wp-block-column is-layout-flow wp-block-column-is-layout-flow\"><\/div>\n\n\n\n<div class=\"wp-block-column is-layout-flow wp-block-column-is-layout-flow\">\n<ul class=\"has-extra-small-font-size wp-block-list\">\n<li>Transdisziplin\u00e4re Forschungen zu Entwicklungsfragen<\/li>\n<\/ul>\n\n\n\n<ul class=\"has-extra-small-font-size wp-block-list\">\n<li>Untersuchung und F\u00f6rderung von Qualit\u00e4ten und Lebensbedingungen des Menschlichen in der&nbsp;Gegenwart<\/li>\n<\/ul>\n\n\n\n<ul class=\"has-extra-small-font-size wp-block-list\">\n<li>Kritische Erforschung der Anthroposophie in ihren kulturgeschichtlichen Kontexten<\/li>\n<\/ul>\n<\/div>\n\n\n\n<div class=\"wp-block-column is-layout-flow wp-block-column-is-layout-flow\">\n<ul class=\"has-extra-small-font-size wp-block-list\">\n<li>Entwicklung, Durchf\u00fchrung und Begleitung von mittel- und langfristigen Forschungs-, Aktions- und Publikationsprojekten<\/li>\n<\/ul>\n\n\n\n<ul class=\"has-extra-small-font-size wp-block-list\">\n<li>Lehrveranstaltungen, Beitr\u00e4ge zu Konferenzen und Tagungen, Vortr\u00e4ge und Kurse<\/li>\n<\/ul>\n\n\n\n<ul class=\"has-extra-small-font-size wp-block-list\">\n<li>Kooperation mit anderen Initiativen, Einrichtungen und Forschenden <\/li>\n<\/ul>\n\n\n\n<ul class=\"has-extra-small-font-size wp-block-list\">\n<li>Pflege von Dokumentationen zu Biographien, Ereignissen und Institutionen der anthroposophischen Bewegung im 20. Jahrhundert, Ausk\u00fcnfte f\u00fcr wissenschaftliche Recherchen<\/li>\n<\/ul>\n<\/div>\n<\/div>\n\n\n\n<div style=\"height:40px\" aria-hidden=\"true\" class=\"wp-block-spacer\"><\/div>\n<\/div><\/div>\n","protected":false},"excerpt":{"rendered":"<p>Die \u00abStiftung Kulturimpuls\u00bb\u00a0ist der Forschung zu Entwicklungsfragen des Menschlichen im 20. und fr\u00fchen 21. Jahrhundert gewidmet.\u00a0Sie f\u00f6rdert entsprechende Projekte, Aktionen und Publikationen, Kooperationen und Veranstaltungen. Die&nbsp;\u00abStiftung Kulturimpuls\u00bb&nbsp;ist eine gemeinn\u00fctzige, operative Stiftung im Stifterverband f\u00fcr die Deutsche Wissenschaft in Essen, ihr Sitz ist Mannheim.&nbsp;Sie unterh\u00e4lt gegenw\u00e4rtig Forschungsstandorte in Berlin und Basel.&nbsp;Die Stiftung handelt initiativ und nimmt&hellip; <a class=\"more-link\" href=\"https:\/\/kulturimpuls.org\/\"><span class=\"screen-reader-text\">Home<\/span> weiterlesen<\/a><\/p>\n","protected":false},"author":1,"featured_media":0,"parent":0,"menu_order":0,"comment_status":"closed","ping_status":"closed","template":"","meta":{"footnotes":""},"class_list":["post-397","page","type-page","status-publish","hentry","entry"],"_links":{"self":[{"href":"https:\/\/kulturimpuls.org\/index.php?rest_route=\/wp\/v2\/pages\/397","targetHints":{"allow":["GET"]}}],"collection":[{"href":"https:\/\/kulturimpuls.org\/index.php?rest_route=\/wp\/v2\/pages"}],"about":[{"href":"https:\/\/kulturimpuls.org\/index.php?rest_route=\/wp\/v2\/types\/page"}],"author":[{"embeddable":true,"href":"https:\/\/kulturimpuls.org\/index.php?rest_route=\/wp\/v2\/users\/1"}],"replies":[{"embeddable":true,"href":"https:\/\/kulturimpuls.org\/index.php?rest_route=%2Fwp%2Fv2%2Fcomments&post=397"}],"version-history":[{"count":61,"href":"https:\/\/kulturimpuls.org\/index.php?rest_route=\/wp\/v2\/pages\/397\/revisions"}],"predecessor-version":[{"id":1348,"href":"https:\/\/kulturimpuls.org\/index.php?rest_route=\/wp\/v2\/pages\/397\/revisions\/1348"}],"wp:attachment":[{"href":"https:\/\/kulturimpuls.org\/index.php?rest_route=%2Fwp%2Fv2%2Fmedia&parent=397"}],"curies":[{"name":"wp","href":"https:\/\/api.w.org\/{rel}","templated":true}]}}