{"id":20,"date":"2015-05-12T13:32:50","date_gmt":"2015-05-12T13:32:50","guid":{"rendered":"http:\/\/wp5.resop.ch\/?page_id=20"},"modified":"2024-03-01T11:57:04","modified_gmt":"2024-03-01T11:57:04","slug":"datenbankarchiv","status":"publish","type":"page","link":"https:\/\/kulturimpuls.org\/?page_id=20","title":{"rendered":"Dokumentationen"},"content":{"rendered":"\n<p class=\"has-small-font-size\" id=\"we-re-a-studio-in-berlin-with-an-international-practice-in-architecture-urban-planning-and-interior-design-we-believe-in-sharing-knowledge-and-promoting-dialogue-to-increase-the-creative-potential-of-collaboration\">Die \u00abStiftung Kulturimpuls\u00bb hat im Rahmen der \u00abForschungsstelle Kulturimpuls\u00bb seit Anfang der 1990er Jahre systematisch Dokumentationen zu Biographien, Ereignissen und Institutionen der Geschichte der Anthroposophie im 20. Jahrhundert aufgebaut. Zudem hat der Stifter G\u00f6tz Deimann eine Sammlung mit Originalen und Erstausgaben zur Kulturgeschichte des 20. Jahrhunderts angelegt, sie wurde erg\u00e4nzt durch eine Forschungsbibliothek zur Geschichte der Anthroposophie mit einschl\u00e4giger Literatur.&nbsp;<\/p>\n\n\n\n<p class=\"has-text-align-left has-black-color has-text-color has-small-font-size\">Information und Online Datenbanken:<a href=\"https:\/\/dokumentationen.kulturimpuls.org\" target=\"_blank\" rel=\"noreferrer noopener\"> dokumentationen.kulturimpuls.org<\/a><\/p>\n\n\n\n<div style=\"height:40px\" aria-hidden=\"true\" class=\"wp-block-spacer\"><\/div>\n\n\n\n<div class=\"wp-block-group alignfull has-background\" style=\"background-color:#f1f1f1\"><div class=\"wp-block-group__inner-container is-layout-flow wp-block-group-is-layout-flow\">\n<div style=\"height:70px\" aria-hidden=\"true\" class=\"wp-block-spacer\"><\/div>\n\n\n\n<div class=\"wp-block-columns alignwide are-vertically-aligned-center is-layout-flex wp-container-core-columns-is-layout-9d6595d7 wp-block-columns-is-layout-flex\">\n<div class=\"wp-block-column is-layout-flow wp-block-column-is-layout-flow\" style=\"flex-basis:50%\">\n<p class=\"has-text-color has-normal-font-size\" style=\"color:#000000;font-style:normal;font-weight:500;line-height:1.2\">Dokumentationen zu Biographien der anthroposophischen Bewegung im 20. Jahrhundert<\/p>\n<\/div>\n\n\n\n<div class=\"wp-block-column is-layout-flow wp-block-column-is-layout-flow\" style=\"flex-basis:50%\">\n<hr class=\"wp-block-separator has-text-color has-css-opacity has-background is-style-wide\" style=\"background-color:#000000;color:#000000\"\/>\n<\/div>\n<\/div>\n\n\n\n<div style=\"height:10px\" aria-hidden=\"true\" class=\"wp-block-spacer\"><\/div>\n\n\n\n<div class=\"wp-block-columns alignwide is-layout-flex wp-container-core-columns-is-layout-9d6595d7 wp-block-columns-is-layout-flex\">\n<div class=\"wp-block-column is-layout-flow wp-block-column-is-layout-flow\"><div class=\"wp-block-image\">\n<figure class=\"alignleft size-large is-resized\"><img loading=\"lazy\" decoding=\"async\" width=\"715\" height=\"1024\" src=\"https:\/\/kulturimpuls.org\/wordpress\/wp-content\/uploads\/2022\/03\/Maryon_Edith_2-Kopie-715x1024.jpg\" alt=\"\" class=\"wp-image-881\" style=\"width:251px;height:357px\" srcset=\"https:\/\/kulturimpuls.org\/wordpress\/wp-content\/uploads\/2022\/03\/Maryon_Edith_2-Kopie-715x1024.jpg 715w, https:\/\/kulturimpuls.org\/wordpress\/wp-content\/uploads\/2022\/03\/Maryon_Edith_2-Kopie-209x300.jpg 209w, https:\/\/kulturimpuls.org\/wordpress\/wp-content\/uploads\/2022\/03\/Maryon_Edith_2-Kopie-768x1101.jpg 768w, https:\/\/kulturimpuls.org\/wordpress\/wp-content\/uploads\/2022\/03\/Maryon_Edith_2-Kopie-1072x1536.jpg 1072w, https:\/\/kulturimpuls.org\/wordpress\/wp-content\/uploads\/2022\/03\/Maryon_Edith_2-Kopie.jpg 1201w\" sizes=\"auto, (max-width: 715px) 100vw, 715px\" \/><\/figure>\n<\/div><\/div>\n\n\n\n<div class=\"wp-block-column is-layout-flow wp-block-column-is-layout-flow\" style=\"flex-basis:650px\">\n<ul class=\"has-extra-small-font-size wp-block-list\">\n<li>Sammlung von Lebensdaten, Quellen- und Werkbibliographie, einschl\u00e4gige Materialien sowie biographischen Portraits von Personen im Umkreis der Anthroposophie im 20. Jahrhundert.<\/li>\n<\/ul>\n\n\n\n<ul class=\"has-extra-small-font-size wp-block-list\">\n<li>Datenbank mit bio-bibliographische Angaben zu ca. 55.000 Personen, ca. 3.000 Fotos und ca. 1.500 ausf\u00fchrlich dokumentierte Personen.<br>Link: <a href=\"https:\/\/dokumentationen.kulturimpuls.org\/\" data-type=\"URL\" data-id=\"https:\/\/biographien.kulturimpuls.org\/\" target=\"_blank\" rel=\"noreferrer noopener\">dokumentationen.kulturimpuls.org<\/a><\/li>\n<\/ul>\n\n\n\n<ul class=\"has-extra-small-font-size wp-block-list\">\n<li>Digitales Fotoarchiv: Digitale Erschliessung und Identifikation verschiedener Fotobest\u00e4nde anthroposophischer Ereignisse, Einrichtungen und Personen. Derzeit 4.500 digital erfasste Bilder, insbesondere Personen.<\/li>\n<\/ul>\n<\/div>\n<\/div>\n\n\n\n<div style=\"height:40px\" aria-hidden=\"true\" class=\"wp-block-spacer\"><\/div>\n<\/div><\/div>\n\n\n\n<div class=\"wp-block-group alignfull has-background\" style=\"background-color:#f1f1f1\"><div class=\"wp-block-group__inner-container is-layout-flow wp-block-group-is-layout-flow\">\n<div style=\"height:70px\" aria-hidden=\"true\" class=\"wp-block-spacer\"><\/div>\n\n\n\n<div class=\"wp-block-columns alignwide are-vertically-aligned-center is-layout-flex wp-container-core-columns-is-layout-9d6595d7 wp-block-columns-is-layout-flex\">\n<div class=\"wp-block-column is-layout-flow wp-block-column-is-layout-flow\" style=\"flex-basis:50%\">\n<p class=\"has-text-color has-normal-font-size\" style=\"color:#000000;font-style:normal;font-weight:500;line-height:1.2\">Dokumentation zu Ereignissen der anthroposophsichen Bewegung im 20. Jahrhundert<\/p>\n<\/div>\n\n\n\n<div class=\"wp-block-column is-layout-flow wp-block-column-is-layout-flow\" style=\"flex-basis:50%\">\n<hr class=\"wp-block-separator has-text-color has-css-opacity has-background is-style-wide\" style=\"background-color:#000000;color:#000000\"\/>\n<\/div>\n<\/div>\n\n\n\n<div style=\"height:10px\" aria-hidden=\"true\" class=\"wp-block-spacer\"><\/div>\n\n\n\n<div class=\"wp-block-columns alignwide is-layout-flex wp-container-core-columns-is-layout-9d6595d7 wp-block-columns-is-layout-flex\">\n<div class=\"wp-block-column is-layout-flow wp-block-column-is-layout-flow\">\n<figure class=\"wp-block-image size-large\"><img loading=\"lazy\" decoding=\"async\" width=\"1024\" height=\"851\" src=\"https:\/\/kulturimpuls.org\/wordpress\/wp-content\/uploads\/2022\/05\/Haass-Berkowspiele-1926-1024x851.jpg\" alt=\"\" class=\"wp-image-1152\" srcset=\"https:\/\/kulturimpuls.org\/wordpress\/wp-content\/uploads\/2022\/05\/Haass-Berkowspiele-1926-1024x851.jpg 1024w, https:\/\/kulturimpuls.org\/wordpress\/wp-content\/uploads\/2022\/05\/Haass-Berkowspiele-1926-300x249.jpg 300w, https:\/\/kulturimpuls.org\/wordpress\/wp-content\/uploads\/2022\/05\/Haass-Berkowspiele-1926-768x638.jpg 768w, https:\/\/kulturimpuls.org\/wordpress\/wp-content\/uploads\/2022\/05\/Haass-Berkowspiele-1926-1536x1277.jpg 1536w, https:\/\/kulturimpuls.org\/wordpress\/wp-content\/uploads\/2022\/05\/Haass-Berkowspiele-1926-2048x1702.jpg 2048w, https:\/\/kulturimpuls.org\/wordpress\/wp-content\/uploads\/2022\/05\/Haass-Berkowspiele-1926-1568x1303.jpg 1568w\" sizes=\"auto, (max-width: 1024px) 100vw, 1024px\" \/><\/figure>\n<\/div>\n\n\n\n<div class=\"wp-block-column is-layout-flow wp-block-column-is-layout-flow\" style=\"flex-basis:650px\">\n<p class=\"has-extra-small-font-size\">Chronik der anthroposophischen Bewegung seit 1925 bis Ende der achtziger Jahre als Informationsbasis f\u00fcr Forschungsarbeiten. Datenbank mit Tagungen, Veranstaltungen, Gr\u00fcndungen, Initiativen, internen Vorg\u00e4ngen sowie der Welt- und Kulturrezeption der Anthroposophen und Quellenangaben zu ca. 20.000 Ereignissen, die nach verschiedenen Kriterien erschlossen sind. <br><br>Link: <a href=\"http:\/\/dokumentationen.kulturimpuls.org\" data-type=\"link\" data-id=\"biografien.kulturimpuls.org\" target=\"_blank\" rel=\"noreferrer noopener\">dokumentationen.kulturimpuls.org<\/a><\/p>\n<\/div>\n<\/div>\n\n\n\n<div style=\"height:40px\" aria-hidden=\"true\" class=\"wp-block-spacer\"><\/div>\n<\/div><\/div>\n\n\n\n<div class=\"wp-block-group alignfull has-background\" style=\"background-color:#f1f1f1\"><div class=\"wp-block-group__inner-container is-layout-flow wp-block-group-is-layout-flow\">\n<div style=\"height:70px\" aria-hidden=\"true\" class=\"wp-block-spacer\"><\/div>\n\n\n\n<div class=\"wp-block-columns alignwide are-vertically-aligned-center is-layout-flex wp-container-core-columns-is-layout-9d6595d7 wp-block-columns-is-layout-flex\">\n<div class=\"wp-block-column is-layout-flow wp-block-column-is-layout-flow\" style=\"flex-basis:50%\">\n<p class=\"has-text-color has-normal-font-size\" style=\"color:#000000;font-style:normal;font-weight:500;line-height:1.2\">Dokumentation zu Institutionen der anthroposophischen Bewegung im 20. Jahrhundert<\/p>\n<\/div>\n\n\n\n<div class=\"wp-block-column is-layout-flow wp-block-column-is-layout-flow\" style=\"flex-basis:50%\">\n<hr class=\"wp-block-separator has-text-color has-css-opacity has-background is-style-wide\" style=\"background-color:#000000;color:#000000\"\/>\n<\/div>\n<\/div>\n\n\n\n<div style=\"height:10px\" aria-hidden=\"true\" class=\"wp-block-spacer\"><\/div>\n\n\n\n<div class=\"wp-block-columns alignwide is-layout-flex wp-container-core-columns-is-layout-9d6595d7 wp-block-columns-is-layout-flex\">\n<div class=\"wp-block-column is-layout-flow wp-block-column-is-layout-flow\">\n<figure class=\"wp-block-image size-large\"><img loading=\"lazy\" decoding=\"async\" width=\"1024\" height=\"687\" src=\"https:\/\/kulturimpuls.org\/wordpress\/wp-content\/uploads\/2022\/05\/photo_2022-05-23_17-47-13-1024x687.jpg\" alt=\"\" class=\"wp-image-1265\" srcset=\"https:\/\/kulturimpuls.org\/wordpress\/wp-content\/uploads\/2022\/05\/photo_2022-05-23_17-47-13-1024x687.jpg 1024w, https:\/\/kulturimpuls.org\/wordpress\/wp-content\/uploads\/2022\/05\/photo_2022-05-23_17-47-13-300x201.jpg 300w, https:\/\/kulturimpuls.org\/wordpress\/wp-content\/uploads\/2022\/05\/photo_2022-05-23_17-47-13-768x515.jpg 768w, https:\/\/kulturimpuls.org\/wordpress\/wp-content\/uploads\/2022\/05\/photo_2022-05-23_17-47-13.jpg 1280w\" sizes=\"auto, (max-width: 1024px) 100vw, 1024px\" \/><\/figure>\n<\/div>\n\n\n\n<div class=\"wp-block-column is-layout-flow wp-block-column-is-layout-flow\" style=\"flex-basis:650px\">\n<p class=\"has-extra-small-font-size\">Eine Dokumentation zu Gr\u00fcndung, Entwicklung, Arbeitsschwerpunkten und Mitarbeiterinnen und Mitarbeitern von anthroposophischen Einrichtungen. Eine umfassende Materialsammlung wurde 2001 dem Archiv am Goetheanum eingegliedert. Die Datenbank umfasst 3.000 Institutionen.<br><br>Link: <a href=\"http:\/\/dokumentationen.kulturimpuls.org\" data-type=\"link\" data-id=\"biografien.kulturimpuls.org\" target=\"_blank\" rel=\"noreferrer noopener\">dokumentationen.kulturimpuls.org<\/a><\/p>\n<\/div>\n<\/div>\n\n\n\n<div style=\"height:40px\" aria-hidden=\"true\" class=\"wp-block-spacer\"><\/div>\n<\/div><\/div>\n\n\n\n<div class=\"wp-block-group alignfull has-background\" style=\"background-color:#f1f1f1\"><div class=\"wp-block-group__inner-container is-layout-flow wp-block-group-is-layout-flow\">\n<div style=\"height:70px\" aria-hidden=\"true\" class=\"wp-block-spacer\"><\/div>\n\n\n\n<div class=\"wp-block-columns alignwide are-vertically-aligned-center is-layout-flex wp-container-core-columns-is-layout-9d6595d7 wp-block-columns-is-layout-flex\">\n<div class=\"wp-block-column is-layout-flow wp-block-column-is-layout-flow\" style=\"flex-basis:50%\">\n<p class=\"has-text-color has-normal-font-size\" style=\"color:#000000;font-style:normal;font-weight:500;line-height:1.2\">Sammlung zur Kulturgeschichte des 20. Jahrhunderts<\/p>\n<\/div>\n\n\n\n<div class=\"wp-block-column is-layout-flow wp-block-column-is-layout-flow\" style=\"flex-basis:50%\">\n<hr class=\"wp-block-separator has-text-color has-css-opacity has-background is-style-wide\" style=\"background-color:#000000;color:#000000\"\/>\n<\/div>\n<\/div>\n\n\n\n<div style=\"height:10px\" aria-hidden=\"true\" class=\"wp-block-spacer\"><\/div>\n\n\n\n<div class=\"wp-block-columns alignwide is-layout-flex wp-container-core-columns-is-layout-9d6595d7 wp-block-columns-is-layout-flex\">\n<div class=\"wp-block-column is-layout-flow wp-block-column-is-layout-flow\">\n<figure class=\"wp-block-image size-full\"><img loading=\"lazy\" decoding=\"async\" width=\"1024\" height=\"643\" src=\"https:\/\/kulturimpuls.org\/wordpress\/wp-content\/uploads\/2022\/05\/P4040078-1024x643-1.jpg\" alt=\"\" class=\"wp-image-1267\" srcset=\"https:\/\/kulturimpuls.org\/wordpress\/wp-content\/uploads\/2022\/05\/P4040078-1024x643-1.jpg 1024w, https:\/\/kulturimpuls.org\/wordpress\/wp-content\/uploads\/2022\/05\/P4040078-1024x643-1-300x188.jpg 300w, https:\/\/kulturimpuls.org\/wordpress\/wp-content\/uploads\/2022\/05\/P4040078-1024x643-1-768x482.jpg 768w\" sizes=\"auto, (max-width: 1024px) 100vw, 1024px\" \/><\/figure>\n<\/div>\n\n\n\n<div class=\"wp-block-column is-layout-flow wp-block-column-is-layout-flow\" style=\"flex-basis:650px\">\n<p class=\"has-extra-small-font-size\">Diese Bibliothek sammelt einige symptomatische Quellen zu bedeutenden Ereignissen der Geschichte des 20. Jahrhunderts, um daran Vergangenheit und Entwicklungen zu vergegenw\u00e4rtigen.&nbsp;Diese Sammlung des Stifters G\u00f6tz Deimann enth\u00e4lt 3.500 B\u00e4nde mit vielen Erstausgaben mit den Sammlungsschwerpunkten: Jahrhundertwende (19.\/20. Jh.), 1920er Jahre, Holocaust, Judentum, deutsche Nachkriegsgeschichte, Verlagsgeschichte. Zudem beinhaltet sie eine Bibliothek mit Erstausgaben von Werken Rudolf Steiners. Diese chronologische, jahrgangsweise Dokumentation und Aufstellung von \u00fcber 1.000 Erstausgaben von Werken Rudolf Steiners, insbesondere von Vortr\u00e4gen dient der historischen Kontextualisierung des Werkes und der Beleuchtung der Geschichte der Anthroposophie unter werkgeschichtlichen Aspekten. Die Sammlung wurde inzwischen auf \u00fcber 7.000 B\u00e4nde erg\u00e4nzt.<\/p>\n\n\n\n<p class=\"has-extra-small-font-size\">Standorte: Berlin, Basel, Mannheim \/ Heidelberg<\/p>\n<\/div>\n<\/div>\n\n\n\n<div style=\"height:40px\" aria-hidden=\"true\" class=\"wp-block-spacer\"><\/div>\n<\/div><\/div>\n","protected":false},"excerpt":{"rendered":"<p>Die \u00abStiftung Kulturimpuls\u00bb hat im Rahmen der \u00abForschungsstelle Kulturimpuls\u00bb seit Anfang der 1990er Jahre systematisch Dokumentationen zu Biographien, Ereignissen und Institutionen der Geschichte der Anthroposophie im 20. Jahrhundert aufgebaut. Zudem hat der Stifter G\u00f6tz Deimann eine Sammlung mit Originalen und Erstausgaben zur Kulturgeschichte des 20. Jahrhunderts angelegt, sie wurde erg\u00e4nzt durch eine Forschungsbibliothek zur Geschichte&hellip; <a class=\"more-link\" href=\"https:\/\/kulturimpuls.org\/?page_id=20\"><span class=\"screen-reader-text\">Dokumentationen<\/span> weiterlesen<\/a><\/p>\n","protected":false},"author":1,"featured_media":0,"parent":0,"menu_order":0,"comment_status":"closed","ping_status":"closed","template":"","meta":{"footnotes":""},"class_list":["post-20","page","type-page","status-publish","hentry","entry"],"_links":{"self":[{"href":"https:\/\/kulturimpuls.org\/index.php?rest_route=\/wp\/v2\/pages\/20","targetHints":{"allow":["GET"]}}],"collection":[{"href":"https:\/\/kulturimpuls.org\/index.php?rest_route=\/wp\/v2\/pages"}],"about":[{"href":"https:\/\/kulturimpuls.org\/index.php?rest_route=\/wp\/v2\/types\/page"}],"author":[{"embeddable":true,"href":"https:\/\/kulturimpuls.org\/index.php?rest_route=\/wp\/v2\/users\/1"}],"replies":[{"embeddable":true,"href":"https:\/\/kulturimpuls.org\/index.php?rest_route=%2Fwp%2Fv2%2Fcomments&post=20"}],"version-history":[{"count":76,"href":"https:\/\/kulturimpuls.org\/index.php?rest_route=\/wp\/v2\/pages\/20\/revisions"}],"predecessor-version":[{"id":1381,"href":"https:\/\/kulturimpuls.org\/index.php?rest_route=\/wp\/v2\/pages\/20\/revisions\/1381"}],"wp:attachment":[{"href":"https:\/\/kulturimpuls.org\/index.php?rest_route=%2Fwp%2Fv2%2Fmedia&parent=20"}],"curies":[{"name":"wp","href":"https:\/\/api.w.org\/{rel}","templated":true}]}}